{"id":80,"date":"2023-11-18T12:44:40","date_gmt":"2023-11-18T12:44:40","guid":{"rendered":"https:\/\/www.wijkenergie2804.nl\/mammoet\/?page_id=80"},"modified":"2025-10-06T08:55:46","modified_gmt":"2025-10-06T08:55:46","slug":"menukaarten","status":"publish","type":"page","link":"https:\/\/www.wijkenergie2804.nl\/mammoet\/home\/programma\/menukaarten\/","title":{"rendered":"Menukaarten"},"content":{"rendered":"<p><strong>De voor-onderzoeken<\/strong><\/p>\n<p>Door ons is gekozen voor een fundamentele en gedegen aanpak voor het isoleren en het zoveel mogelijk aardgasvrij maken van de woningen in Mammoet West. Daartoe zijn eerst onderzoeken uitgevoerd door \u00e9n ervaren \u00e9n onafhankelijke \u00e9n objectieve specialisten. Zij zijn betaald door Energieco\u00f6peratie WijkEnergie2804 met verkregen subsidies van de gemeente Gouda. Er is dus geen sprake van product- of commercieel gedreven adviezen. Energieco\u00f6peratie WijkEnergie2804 heeft met de onderzoeksbureau&#8217;s een samenwerkingsconvenant afgesloten.<\/p>\n<p><strong>Referentiewoningen<\/strong><\/p>\n<p>De voor-onderzoeken worden uitgevoerd bij zogenaamde referentiewoningen in een buurt. Hierbij zijn deelonderzoeken en deelanalyses uitgevoerd voor:<\/p>\n<p style=\"padding-left: 40px\">1) een analyse van het energie-, elektra- en waterverbruik<br \/>\n2) een uitgebreide warmtebeeld rapportage<br \/>\n3) een energielabel plus onderzoek<br \/>\n4) een warmteverliesberekening<br \/>\n5) behoud van de kwaliteit van de leefomgeving.<\/p>\n<p><strong>Menukaarten als onafhankelijke advies<br \/>\n<\/strong><\/p>\n<p>Deze onderzoeken worden vertaald naar zogenaamde Menukaarten. Voor veel isolatie- en installatietechnische maatregelen wordt een handzaam overzicht samengesteld met onder andere de kosten en opbrengsten van elke maatregel.<\/p>\n<p><strong>Uitvoering door geselecteerde bedrijven<\/strong><\/p>\n<p>Vermeld is \u00f3\u00f3k welke bedrijven de geadviseerde maatregelen kunnen uitvoeren. Het selecteren van geschikte bedrijven en installateurs vormt een belangrijk onderdeel van de Menukaarten. Sommige maatregelen worden als collectieve wijkactie opgepakt.<\/p>\n<p><strong>Inmiddels gepubliceerde Menukaarten:<\/strong><\/p>\n<p><a href=\"https:\/\/www.wijkenergie2804.nl\/mammoet\/wp-content\/uploads\/sites\/3\/2024\/12\/Menukaart-Mammoet-Groepenkast-EXTERN.pdf\" target=\"_blank\" rel=\"noopener\">Menukaart WE2804\/Mammoet Groepenkast<\/a><\/p>\n<p><a href=\"https:\/\/www.wijkenergie2804.nl\/mammoet\/wp-content\/uploads\/sites\/3\/2025\/07\/Aanvraagformulier-groepenkast.pdf\">Aanvraagformulier groepenkast<\/a><\/p>\n<p><a href=\"https:\/\/www.wijkenergie2804.nl\/mammoet\/wp-content\/uploads\/sites\/3\/2024\/12\/Menukaart-Mammoet-Waterslagen-EXTERN.pdf\" target=\"_blank\" rel=\"noopener\">Menukaart WE2804\/Mammoet Waterslagen<\/a><\/p>\n<p><a href=\"https:\/\/www.wijkenergie2804.nl\/mammoet\/wp-content\/uploads\/sites\/3\/2024\/12\/Menukaart-Mammoet-Gevels-Impregneren-EXTERN.pdf\" target=\"_blank\" rel=\"noopener\">Menukaart WE2804\/Mammoet Gevels Impregneren<\/a><\/p>\n<p><a href=\"https:\/\/wijkenergie2804.nl\/wp-content\/uploads\/2025\/05\/Menukaart-WE2804-Dakisolatie-EXTERN.pdf\">https:\/\/wijkenergie2804.nl\/wp-content\/uploads\/2025\/05\/Menukaart-WE2804-Dakisolatie-EXTERN.pdf<\/a><\/p>\n","protected":false},"excerpt":{"rendered":"<p>De voor-onderzoeken Door ons is gekozen voor een fundamentele en gedegen aanpak voor het isoleren en het zoveel mogelijk aardgasvrij maken van de woningen in Mammoet West. Daartoe zijn eerst onderzoeken uitgevoerd door \u00e9n ervaren \u00e9n onafhankelijke \u00e9n objectieve specialisten. Zij zijn betaald door Energieco\u00f6peratie WijkEnergie2804 met verkregen subsidies van de gemeente Gouda. Er is [&hellip;]<\/p>\n","protected":false},"author":2,"featured_media":0,"parent":78,"menu_order":54,"comment_status":"closed","ping_status":"closed","template":"","meta":{"footnotes":""},"class_list":["post-80","page","type-page","status-publish","hentry"],"_links":{"self":[{"href":"https:\/\/www.wijkenergie2804.nl\/mammoet\/wp-json\/wp\/v2\/pages\/80","targetHints":{"allow":["GET"]}}],"collection":[{"href":"https:\/\/www.wijkenergie2804.nl\/mammoet\/wp-json\/wp\/v2\/pages"}],"about":[{"href":"https:\/\/www.wijkenergie2804.nl\/mammoet\/wp-json\/wp\/v2\/types\/page"}],"author":[{"embeddable":true,"href":"https:\/\/www.wijkenergie2804.nl\/mammoet\/wp-json\/wp\/v2\/users\/2"}],"replies":[{"embeddable":true,"href":"https:\/\/www.wijkenergie2804.nl\/mammoet\/wp-json\/wp\/v2\/comments?post=80"}],"version-history":[{"count":33,"href":"https:\/\/www.wijkenergie2804.nl\/mammoet\/wp-json\/wp\/v2\/pages\/80\/revisions"}],"predecessor-version":[{"id":1190,"href":"https:\/\/www.wijkenergie2804.nl\/mammoet\/wp-json\/wp\/v2\/pages\/80\/revisions\/1190"}],"up":[{"embeddable":true,"href":"https:\/\/www.wijkenergie2804.nl\/mammoet\/wp-json\/wp\/v2\/pages\/78"}],"wp:attachment":[{"href":"https:\/\/www.wijkenergie2804.nl\/mammoet\/wp-json\/wp\/v2\/media?parent=80"}],"curies":[{"name":"wp","href":"https:\/\/api.w.org\/{rel}","templated":true}]}}