{"id":310,"date":"2024-07-01T13:05:55","date_gmt":"2024-07-01T13:05:55","guid":{"rendered":"https:\/\/www.wijkenergie2804.nl\/mammoet\/?page_id=310"},"modified":"2025-10-06T08:39:29","modified_gmt":"2025-10-06T08:39:29","slug":"collectieve-wijkacties","status":"publish","type":"page","link":"https:\/\/www.wijkenergie2804.nl\/mammoet\/home\/activiteiten\/collectieve-wijkacties\/","title":{"rendered":"Collectieve wijkacties"},"content":{"rendered":"<h3>In deze periode staan gepland:<\/h3>\n<p>Tijdens de bewonersbijeenkomst van 2 juni jl. is vooral gesproken over binnen- en buitendakisolatie. Het laatste is vooral interessant als ook de dakpannen vervangen dienen te worden. Veel woningen in Mammoet-West lopen tegen de levensduur van de dakpannen aan.<br \/>\nTevens is kort ingegaan op vloer- en muurisolatie.<br \/>\nBelangstellenden kunnen zich al aanmelden voor een (vrijblijvend) adviesgesprek met \u00e9\u00e9n van de geselecteerde uitvoerders van Wijkenergie2804 met betrekking tot \u00e9\u00e9n of meerdere van de isolatie-maatregelen.<\/p>\n<p><a class=\"button\" href=\"https:\/\/www.wijkenergie2804.nl\/mammoet\/home\/activiteiten\/collectieve-wijkacties\/aanmelden-wijkactie-isoleren\/\" target=\"_blank\" rel=\"noopener\">Aanmelden Wijkactie Isoleren<\/a><\/p>\n<hr \/>\n<p>Vanaf januari 2025 (als weersomstandigheden goed zijn) &#8211; onderhoud waterslagen\/raamdorpels<\/p>\n<p><a class=\"button\" href=\"https:\/\/www.wijkenergie2804.nl\/mammoet\/home\/activiteiten\/collectieve-wijkacties\/aanmelden-wijkactie-waterslagen-raamdorpels\/\" target=\"_blank\" rel=\"noopener\">Aanmelden Wijkactie Onderhoud waterslagen \/ raamdorpels<\/a><\/p>\n<p><a href=\"https:\/\/www.wijkenergie2804.nl\/mammoet\/wp-content\/uploads\/sites\/3\/2024\/11\/Menukaart-we2804-waterslagen-EXTERN.pdf\" target=\"_blank\" rel=\"noopener\"><img loading=\"lazy\" decoding=\"async\" class=\"alignnone wp-image-1061\" src=\"https:\/\/www.wijkenergie2804.nl\/mammoet\/wp-content\/uploads\/sites\/3\/2025\/01\/Afbeelding-Menukaart-Waterslagen-300x193.jpg\" alt=\"\" width=\"445\" height=\"286\" srcset=\"https:\/\/www.wijkenergie2804.nl\/mammoet\/wp-content\/uploads\/sites\/3\/2025\/01\/Afbeelding-Menukaart-Waterslagen-300x193.jpg 300w, https:\/\/www.wijkenergie2804.nl\/mammoet\/wp-content\/uploads\/sites\/3\/2025\/01\/Afbeelding-Menukaart-Waterslagen-768x494.jpg 768w, https:\/\/www.wijkenergie2804.nl\/mammoet\/wp-content\/uploads\/sites\/3\/2025\/01\/Afbeelding-Menukaart-Waterslagen.jpg 917w\" sizes=\"auto, (max-width: 445px) 100vw, 445px\" \/><\/a><\/p>\n<p><a href=\"https:\/\/www.wijkenergie2804.nl\/mammoet\/wp-content\/uploads\/sites\/3\/2024\/11\/Menukaart-we2804-waterslagen-EXTERN.pdf\" target=\"_blank\" rel=\"noopener\">Menukaart we2804 waterslagen EXTERN<\/a><\/p>\n<p>&nbsp;<\/p>\n<hr \/>\n<p>Vanaf januari 2025 (als de weersomstandigheden goed zijn) &#8211; gevels impregneren<br \/>\n<a class=\"button\" href=\"https:\/\/www.wijkenergie2804.nl\/mammoet\/home\/activiteiten\/collectieve-wijkacties\/aanmelden-wijkactie-gevels-impregneren\/\" target=\"_blank\" rel=\"noopener\">Aanmelden Wijkactie Gevels impregneren<\/a><\/p>\n<p><a href=\"https:\/\/www.wijkenergie2804.nl\/mammoet\/wp-content\/uploads\/sites\/3\/2024\/11\/Menukaart-gevels-impregneren-EXTERN.pdf\" target=\"_blank\" rel=\"noopener\"><img loading=\"lazy\" decoding=\"async\" class=\"alignnone wp-image-1057\" src=\"https:\/\/www.wijkenergie2804.nl\/mammoet\/wp-content\/uploads\/sites\/3\/2025\/01\/Afbeelding-Menukaart-Gevels-impregneren-300x190.jpg\" alt=\"\" width=\"445\" height=\"282\" srcset=\"https:\/\/www.wijkenergie2804.nl\/mammoet\/wp-content\/uploads\/sites\/3\/2025\/01\/Afbeelding-Menukaart-Gevels-impregneren-300x190.jpg 300w, https:\/\/www.wijkenergie2804.nl\/mammoet\/wp-content\/uploads\/sites\/3\/2025\/01\/Afbeelding-Menukaart-Gevels-impregneren-768x487.jpg 768w, https:\/\/www.wijkenergie2804.nl\/mammoet\/wp-content\/uploads\/sites\/3\/2025\/01\/Afbeelding-Menukaart-Gevels-impregneren.jpg 898w\" sizes=\"auto, (max-width: 445px) 100vw, 445px\" \/><\/a><\/p>\n<p><a href=\"https:\/\/www.wijkenergie2804.nl\/mammoet\/wp-content\/uploads\/sites\/3\/2024\/11\/Menukaart-gevels-impregneren-EXTERN.pdf\" target=\"_blank\" rel=\"noopener\">Menukaart gevels impregneren EXTERN<\/a><\/p>\n<p>&nbsp;<\/p>\n<hr \/>\n<p>Oktober-december 2024 &#8211; wijkactie onderhoud en aanpassing groepenkast<br \/>\n<a class=\"button\" href=\"https:\/\/www.wijkenergie2804.nl\/mammoet\/home\/activiteiten\/collectieve-wijkacties\/groepenkast\/\" target=\"_blank\" rel=\"noopener\">Aanmelden Wijkactie Groepenkast<\/a><\/p>\n<p><a href=\"https:\/\/www.wijkenergie2804.nl\/mammoet\/wp-content\/uploads\/sites\/3\/2024\/11\/Menukaart-WE2804-Groepenkast-EXTERN.pdf\" target=\"_blank\" rel=\"noopener\"><img loading=\"lazy\" decoding=\"async\" class=\"alignnone wp-image-1058\" src=\"https:\/\/www.wijkenergie2804.nl\/mammoet\/wp-content\/uploads\/sites\/3\/2025\/01\/Afbeelding-Menukaart-Groepenkast-300x192.jpg\" alt=\"\" width=\"445\" height=\"285\" srcset=\"https:\/\/www.wijkenergie2804.nl\/mammoet\/wp-content\/uploads\/sites\/3\/2025\/01\/Afbeelding-Menukaart-Groepenkast-300x192.jpg 300w, https:\/\/www.wijkenergie2804.nl\/mammoet\/wp-content\/uploads\/sites\/3\/2025\/01\/Afbeelding-Menukaart-Groepenkast-768x492.jpg 768w, https:\/\/www.wijkenergie2804.nl\/mammoet\/wp-content\/uploads\/sites\/3\/2025\/01\/Afbeelding-Menukaart-Groepenkast.jpg 928w\" sizes=\"auto, (max-width: 445px) 100vw, 445px\" \/><\/a><\/p>\n<p><a href=\"https:\/\/www.wijkenergie2804.nl\/mammoet\/wp-content\/uploads\/sites\/3\/2024\/11\/Menukaart-WE2804-Groepenkast-EXTERN.pdf\" target=\"_blank\" rel=\"noopener\">Menukaart WE2804 Groepenkast EXTERN<\/a><\/p>\n<hr \/>\n<p>Najaar\/winter 2024-2025 &#8211; uitvoeren woningwarmtescan<br \/>\n<a class=\"button\" href=\"https:\/\/www.wijkenergie2804.nl\/mammoet\/home\/activiteiten\/collectieve-wijkacties\/aanmelding-woningwarmtescan\/\">Aanmelden Wijkactie Woningwarmtescan<\/a><\/p>\n<hr \/>\n<p><strong>Onderzoek naar wateroverlast kruipruimte<\/strong><\/p>\n<p><a href=\"https:\/\/wijkenergie2804.nl\/kruipruimte\/\">Start onderzoek aanpak wateroverlast kruipruimte \u2013 We2804<\/a><\/p>\n<p>&nbsp;<\/p>\n<p>Het kan zijn dat meer wijkbewoners gelijktijdig dezelfde isolatiemaatregel willen uitvoeren of willen deelnemen aan een collectieve wijkactie. Het kan dan effici\u00ebnter en\/of goedkoper zijn om de advisering en de uitvoering te bundelen. Dat geldt vooral als er zwaar materiaal zoals bijvoorbeeld een hijskraan bij moet komen.<br \/>\nMaar tevens is hierbij ook aandacht voor de kwaliteit van de uit te voeren werkzaamheden.<\/p>\n<p>Voor het bedrijf of installateur is het effici\u00ebnter als de er een uniforme aanpak is en er al veel vooronderzoek is gedaan. Voor wijkbewoners is er het voordeel dat er een collectiviteitskorting kan gelden.<\/p>\n<p>De keuze voor het uitvoerende bedrijf of installateur is weloverwogen genomen, op basis van specificaties en adviezen van onafhankelijke deskundigen.<\/p>\n<p>Data en tijdpad van de maatregelen worden zo veel mogelijk afgestemd met de deelnemers aan de collectieve wijkactie.<\/p>\n","protected":false},"excerpt":{"rendered":"<p>In deze periode staan gepland: Tijdens de bewonersbijeenkomst van 2 juni jl. is vooral gesproken over binnen- en buitendakisolatie. Het laatste is vooral interessant als ook de dakpannen vervangen dienen te worden. Veel woningen in Mammoet-West lopen tegen de levensduur van de dakpannen aan. Tevens is kort ingegaan op vloer- en muurisolatie. Belangstellenden kunnen zich [&hellip;]<\/p>\n","protected":false},"author":2,"featured_media":0,"parent":428,"menu_order":42,"comment_status":"closed","ping_status":"closed","template":"","meta":{"footnotes":""},"class_list":["post-310","page","type-page","status-publish","hentry"],"_links":{"self":[{"href":"https:\/\/www.wijkenergie2804.nl\/mammoet\/wp-json\/wp\/v2\/pages\/310","targetHints":{"allow":["GET"]}}],"collection":[{"href":"https:\/\/www.wijkenergie2804.nl\/mammoet\/wp-json\/wp\/v2\/pages"}],"about":[{"href":"https:\/\/www.wijkenergie2804.nl\/mammoet\/wp-json\/wp\/v2\/types\/page"}],"author":[{"embeddable":true,"href":"https:\/\/www.wijkenergie2804.nl\/mammoet\/wp-json\/wp\/v2\/users\/2"}],"replies":[{"embeddable":true,"href":"https:\/\/www.wijkenergie2804.nl\/mammoet\/wp-json\/wp\/v2\/comments?post=310"}],"version-history":[{"count":49,"href":"https:\/\/www.wijkenergie2804.nl\/mammoet\/wp-json\/wp\/v2\/pages\/310\/revisions"}],"predecessor-version":[{"id":1183,"href":"https:\/\/www.wijkenergie2804.nl\/mammoet\/wp-json\/wp\/v2\/pages\/310\/revisions\/1183"}],"up":[{"embeddable":true,"href":"https:\/\/www.wijkenergie2804.nl\/mammoet\/wp-json\/wp\/v2\/pages\/428"}],"wp:attachment":[{"href":"https:\/\/www.wijkenergie2804.nl\/mammoet\/wp-json\/wp\/v2\/media?parent=310"}],"curies":[{"name":"wp","href":"https:\/\/api.w.org\/{rel}","templated":true}]}}